{"id":18893,"date":"2023-02-04T14:54:04","date_gmt":"2023-02-04T11:54:04","guid":{"rendered":"https:\/\/www.drinks365.gr\/shop\/uncategorized\/auchentoshan-12-years-old-single-malt-whisky-700ml\/"},"modified":"2025-07-01T23:54:13","modified_gmt":"2025-07-01T20:54:13","slug":"auchentoshan-12-years-old-single-malt-whisky-700ml","status":"publish","type":"product","link":"https:\/\/drinks365.gr\/en\/shop-en\/whisky\/malts-en\/other-areas\/auchentoshan-12-years-old-single-malt-whisky-700ml\/","title":{"rendered":"AUCHENTOSHAN 12 YEARS OLD SINGLE MALT WHISKY 700ML"},"content":{"rendered":"<p>The AUCHENTOSHAN distillery built in 1823 at the foot of the Old Kilpatrick Hills, overlooking the famous River Clyde, witnessed many historical events. He gazed at the first sailboats loaded with legal and illegal whisky and the construction of the Queen Mary, to the cargoes of spices, tobacco, wine and cotton that turned Glasgow into a centre of trade.<\/p>\n<p>AUCHENTOSHAN Distillery produces versatile, soft and light Single Malt Whiskies. They are the only Scottish Single Malts, each drop of which is the result of triple distillation. It is precisely this process that creates their delicate aroma and delicate taste.<\/p>\n<p>AUCHEDOSHAN 12 YEARS OLD, the result of triple distillation, matures for at least twelve years in South American oak barrels, which once housed Bourbon,<br \/>\n with a final pass of sherry barrels, which gives depth, roundness and a touch of seasoning.<\/p>\n<p>Nose: Cr\u00e8me Br\u00fbl\u00e9e, citrus eruption with traces of green leaves, eucalyptus, sour cherry, skin and spices.<\/p>\n<p>Mouth: Soft and sweet with notes of mandarin, lime, sweet spices, barrel and cherries.<\/p>\n<p>Food Pairing: Bitter chocolate (65%) with cherry or sour cherry liqueur<\/p>\n<p>Perfect Serve: Plain, but also with Thomas Henry Ginger Ale, garnished with a slice of orange.<\/p>\n","protected":false},"excerpt":{"rendered":"<p>The AUCHENTOSHAN distillery built in 1823 at the foot of the Old Kilpatrick Hills, overlooking the famous River Clyde, witnessed<\/p>\n","protected":false},"featured_media":18642,"template":"","meta":[],"product_brand":[],"product_cat":[1744,1866,1734],"product_tag":[],"class_list":{"0":"post-18893","1":"product","2":"type-product","3":"status-publish","4":"has-post-thumbnail","6":"product_cat-malts-en","7":"product_cat-other-areas","8":"product_cat-whisky","9":"pa_--700ml-en","10":"pa_-auchentoshan-distillery-en","11":"pa_--40-0-en","12":"pa_--scotland","14":"first","15":"instock","16":"shipping-taxable","17":"purchasable","18":"product-type-simple"},"yoast_head":"<!-- This site is optimized with the Yoast SEO plugin v27.5 - https:\/\/yoast.com\/product\/yoast-seo-wordpress\/ -->\n<title>AUCHENTOSHAN 12 YEARS OLD SINGLE MALT WHISKY 700ML - Drinks365<\/title>\n<meta name=\"robots\" content=\"index, follow, max-snippet:-1, max-image-preview:large, max-video-preview:-1\" \/>\n<link rel=\"canonical\" href=\"https:\/\/drinks365.gr\/en\/shop-en\/whisky\/malts-en\/other-areas\/auchentoshan-12-years-old-single-malt-whisky-700ml\/\" \/>\n<meta property=\"og:locale\" content=\"en_US\" \/>\n<meta property=\"og:type\" content=\"article\" \/>\n<meta property=\"og:title\" content=\"AUCHENTOSHAN 12 YEARS OLD SINGLE MALT WHISKY 700ML - Drinks365\" \/>\n<meta property=\"og:description\" content=\"The AUCHENTOSHAN distillery built in 1823 at the foot of the Old Kilpatrick Hills, overlooking the famous River Clyde, witnessed\" \/>\n<meta property=\"og:url\" content=\"https:\/\/drinks365.gr\/en\/shop-en\/whisky\/malts-en\/other-areas\/auchentoshan-12-years-old-single-malt-whisky-700ml\/\" \/>\n<meta property=\"og:site_name\" content=\"Drinks365\" \/>\n<meta property=\"article:publisher\" content=\"https:\/\/www.facebook.com\/drinks365gr\/\" \/>\n<meta property=\"article:modified_time\" content=\"2025-07-01T20:54:13+00:00\" \/>\n<meta property=\"og:image\" content=\"https:\/\/drinks365.gr\/wp-content\/uploads\/2023\/02\/AUCHE.png\" \/>\n\t<meta property=\"og:image:width\" content=\"750\" \/>\n\t<meta property=\"og:image:height\" content=\"1240\" \/>\n\t<meta property=\"og:image:type\" content=\"image\/png\" \/>\n<meta name=\"twitter:card\" content=\"summary_large_image\" \/>\n<meta name=\"twitter:label1\" content=\"Est. reading time\" \/>\n\t<meta name=\"twitter:data1\" content=\"1 minute\" \/>\n<script type=\"application\/ld+json\" class=\"yoast-schema-graph\">{\"@context\":\"https:\\\/\\\/schema.org\",\"@graph\":[{\"@type\":\"WebPage\",\"@id\":\"https:\\\/\\\/drinks365.gr\\\/en\\\/shop-en\\\/whisky\\\/malts-en\\\/other-areas\\\/auchentoshan-12-years-old-single-malt-whisky-700ml\\\/\",\"url\":\"https:\\\/\\\/drinks365.gr\\\/en\\\/shop-en\\\/whisky\\\/malts-en\\\/other-areas\\\/auchentoshan-12-years-old-single-malt-whisky-700ml\\\/\",\"name\":\"AUCHENTOSHAN 12 YEARS OLD SINGLE MALT WHISKY 700ML - Drinks365\",\"isPartOf\":{\"@id\":\"https:\\\/\\\/drinks365.gr\\\/en\\\/#website\"},\"primaryImageOfPage\":{\"@id\":\"https:\\\/\\\/drinks365.gr\\\/en\\\/shop-en\\\/whisky\\\/malts-en\\\/other-areas\\\/auchentoshan-12-years-old-single-malt-whisky-700ml\\\/#primaryimage\"},\"image\":{\"@id\":\"https:\\\/\\\/drinks365.gr\\\/en\\\/shop-en\\\/whisky\\\/malts-en\\\/other-areas\\\/auchentoshan-12-years-old-single-malt-whisky-700ml\\\/#primaryimage\"},\"thumbnailUrl\":\"https:\\\/\\\/drinks365.gr\\\/wp-content\\\/uploads\\\/2023\\\/02\\\/AUCHE.png\",\"datePublished\":\"2023-02-04T11:54:04+00:00\",\"dateModified\":\"2025-07-01T20:54:13+00:00\",\"breadcrumb\":{\"@id\":\"https:\\\/\\\/drinks365.gr\\\/en\\\/shop-en\\\/whisky\\\/malts-en\\\/other-areas\\\/auchentoshan-12-years-old-single-malt-whisky-700ml\\\/#breadcrumb\"},\"inLanguage\":\"en-US\",\"potentialAction\":[{\"@type\":\"ReadAction\",\"target\":[\"https:\\\/\\\/drinks365.gr\\\/en\\\/shop-en\\\/whisky\\\/malts-en\\\/other-areas\\\/auchentoshan-12-years-old-single-malt-whisky-700ml\\\/\"]}]},{\"@type\":\"ImageObject\",\"inLanguage\":\"en-US\",\"@id\":\"https:\\\/\\\/drinks365.gr\\\/en\\\/shop-en\\\/whisky\\\/malts-en\\\/other-areas\\\/auchentoshan-12-years-old-single-malt-whisky-700ml\\\/#primaryimage\",\"url\":\"https:\\\/\\\/drinks365.gr\\\/wp-content\\\/uploads\\\/2023\\\/02\\\/AUCHE.png\",\"contentUrl\":\"https:\\\/\\\/drinks365.gr\\\/wp-content\\\/uploads\\\/2023\\\/02\\\/AUCHE.png\",\"width\":750,\"height\":1240},{\"@type\":\"BreadcrumbList\",\"@id\":\"https:\\\/\\\/drinks365.gr\\\/en\\\/shop-en\\\/whisky\\\/malts-en\\\/other-areas\\\/auchentoshan-12-years-old-single-malt-whisky-700ml\\\/#breadcrumb\",\"itemListElement\":[{\"@type\":\"ListItem\",\"position\":1,\"name\":\"Home\",\"item\":\"https:\\\/\\\/drinks365.gr\\\/en\\\/\"},{\"@type\":\"ListItem\",\"position\":2,\"name\":\"Shop\",\"item\":\"https:\\\/\\\/drinks365.gr\\\/en\\\/shop-en\\\/\"},{\"@type\":\"ListItem\",\"position\":3,\"name\":\"AUCHENTOSHAN 12 YEARS OLD SINGLE MALT WHISKY 700ML\"}]},{\"@type\":\"WebSite\",\"@id\":\"https:\\\/\\\/drinks365.gr\\\/en\\\/#website\",\"url\":\"https:\\\/\\\/drinks365.gr\\\/en\\\/\",\"name\":\"Drinks365\",\"description\":\"\",\"potentialAction\":[{\"@type\":\"SearchAction\",\"target\":{\"@type\":\"EntryPoint\",\"urlTemplate\":\"https:\\\/\\\/drinks365.gr\\\/en\\\/?s={search_term_string}\"},\"query-input\":{\"@type\":\"PropertyValueSpecification\",\"valueRequired\":true,\"valueName\":\"search_term_string\"}}],\"inLanguage\":\"en-US\"}]}<\/script>\n<!-- \/ Yoast SEO plugin. -->","yoast_head_json":{"title":"AUCHENTOSHAN 12 YEARS OLD SINGLE MALT WHISKY 700ML - Drinks365","robots":{"index":"index","follow":"follow","max-snippet":"max-snippet:-1","max-image-preview":"max-image-preview:large","max-video-preview":"max-video-preview:-1"},"canonical":"https:\/\/drinks365.gr\/en\/shop-en\/whisky\/malts-en\/other-areas\/auchentoshan-12-years-old-single-malt-whisky-700ml\/","og_locale":"en_US","og_type":"article","og_title":"AUCHENTOSHAN 12 YEARS OLD SINGLE MALT WHISKY 700ML - Drinks365","og_description":"The AUCHENTOSHAN distillery built in 1823 at the foot of the Old Kilpatrick Hills, overlooking the famous River Clyde, witnessed","og_url":"https:\/\/drinks365.gr\/en\/shop-en\/whisky\/malts-en\/other-areas\/auchentoshan-12-years-old-single-malt-whisky-700ml\/","og_site_name":"Drinks365","article_publisher":"https:\/\/www.facebook.com\/drinks365gr\/","article_modified_time":"2025-07-01T20:54:13+00:00","og_image":[{"width":750,"height":1240,"url":"https:\/\/drinks365.gr\/wp-content\/uploads\/2023\/02\/AUCHE.png","type":"image\/png"}],"twitter_card":"summary_large_image","twitter_misc":{"Est. reading time":"1 minute"},"schema":{"@context":"https:\/\/schema.org","@graph":[{"@type":"WebPage","@id":"https:\/\/drinks365.gr\/en\/shop-en\/whisky\/malts-en\/other-areas\/auchentoshan-12-years-old-single-malt-whisky-700ml\/","url":"https:\/\/drinks365.gr\/en\/shop-en\/whisky\/malts-en\/other-areas\/auchentoshan-12-years-old-single-malt-whisky-700ml\/","name":"AUCHENTOSHAN 12 YEARS OLD SINGLE MALT WHISKY 700ML - Drinks365","isPartOf":{"@id":"https:\/\/drinks365.gr\/en\/#website"},"primaryImageOfPage":{"@id":"https:\/\/drinks365.gr\/en\/shop-en\/whisky\/malts-en\/other-areas\/auchentoshan-12-years-old-single-malt-whisky-700ml\/#primaryimage"},"image":{"@id":"https:\/\/drinks365.gr\/en\/shop-en\/whisky\/malts-en\/other-areas\/auchentoshan-12-years-old-single-malt-whisky-700ml\/#primaryimage"},"thumbnailUrl":"https:\/\/drinks365.gr\/wp-content\/uploads\/2023\/02\/AUCHE.png","datePublished":"2023-02-04T11:54:04+00:00","dateModified":"2025-07-01T20:54:13+00:00","breadcrumb":{"@id":"https:\/\/drinks365.gr\/en\/shop-en\/whisky\/malts-en\/other-areas\/auchentoshan-12-years-old-single-malt-whisky-700ml\/#breadcrumb"},"inLanguage":"en-US","potentialAction":[{"@type":"ReadAction","target":["https:\/\/drinks365.gr\/en\/shop-en\/whisky\/malts-en\/other-areas\/auchentoshan-12-years-old-single-malt-whisky-700ml\/"]}]},{"@type":"ImageObject","inLanguage":"en-US","@id":"https:\/\/drinks365.gr\/en\/shop-en\/whisky\/malts-en\/other-areas\/auchentoshan-12-years-old-single-malt-whisky-700ml\/#primaryimage","url":"https:\/\/drinks365.gr\/wp-content\/uploads\/2023\/02\/AUCHE.png","contentUrl":"https:\/\/drinks365.gr\/wp-content\/uploads\/2023\/02\/AUCHE.png","width":750,"height":1240},{"@type":"BreadcrumbList","@id":"https:\/\/drinks365.gr\/en\/shop-en\/whisky\/malts-en\/other-areas\/auchentoshan-12-years-old-single-malt-whisky-700ml\/#breadcrumb","itemListElement":[{"@type":"ListItem","position":1,"name":"Home","item":"https:\/\/drinks365.gr\/en\/"},{"@type":"ListItem","position":2,"name":"Shop","item":"https:\/\/drinks365.gr\/en\/shop-en\/"},{"@type":"ListItem","position":3,"name":"AUCHENTOSHAN 12 YEARS OLD SINGLE MALT WHISKY 700ML"}]},{"@type":"WebSite","@id":"https:\/\/drinks365.gr\/en\/#website","url":"https:\/\/drinks365.gr\/en\/","name":"Drinks365","description":"","potentialAction":[{"@type":"SearchAction","target":{"@type":"EntryPoint","urlTemplate":"https:\/\/drinks365.gr\/en\/?s={search_term_string}"},"query-input":{"@type":"PropertyValueSpecification","valueRequired":true,"valueName":"search_term_string"}}],"inLanguage":"en-US"}]}},"_links":{"self":[{"href":"https:\/\/drinks365.gr\/en\/wp-json\/wp\/v2\/product\/18893","targetHints":{"allow":["GET"]}}],"collection":[{"href":"https:\/\/drinks365.gr\/en\/wp-json\/wp\/v2\/product"}],"about":[{"href":"https:\/\/drinks365.gr\/en\/wp-json\/wp\/v2\/types\/product"}],"wp:featuredmedia":[{"embeddable":true,"href":"https:\/\/drinks365.gr\/en\/wp-json\/wp\/v2\/media\/18642"}],"wp:attachment":[{"href":"https:\/\/drinks365.gr\/en\/wp-json\/wp\/v2\/media?parent=18893"}],"wp:term":[{"taxonomy":"product_brand","embeddable":true,"href":"https:\/\/drinks365.gr\/en\/wp-json\/wp\/v2\/product_brand?post=18893"},{"taxonomy":"product_cat","embeddable":true,"href":"https:\/\/drinks365.gr\/en\/wp-json\/wp\/v2\/product_cat?post=18893"},{"taxonomy":"product_tag","embeddable":true,"href":"https:\/\/drinks365.gr\/en\/wp-json\/wp\/v2\/product_tag?post=18893"}],"curies":[{"name":"wp","href":"https:\/\/api.w.org\/{rel}","templated":true}]}}