{"id":18984,"date":"2022-11-26T12:50:03","date_gmt":"2022-11-26T10:50:03","guid":{"rendered":"https:\/\/www.drinks365.gr\/shop\/uncategorized\/kirker-greer-ukiyo-japanese-blossom-gin-700ml\/"},"modified":"2025-05-15T16:07:42","modified_gmt":"2025-05-15T13:07:42","slug":"ukiyo-japanese-blossom-gin-700ml","status":"publish","type":"product","link":"https:\/\/drinks365.gr\/en\/shop-en\/drinks\/gin\/ukiyo-japanese-blossom-gin-700ml\/","title":{"rendered":"KIRKER GREER UKIYO JAPANESE BLOSSOM GIN 700ML"},"content":{"rendered":"<p>In Japan, there is a short period during spring when sakura blossoms (cherry trees) are in full bloom. In a tradition known as &#8220;Hanami&#8221;, people go out to celebrate the fall of these flowers and the change of season.<\/p>\n<p>Blossom Gin is born from a base of locally grown barley distilled into a traditional sh\u014dch\u016b spirit. We re-distill sh\u014dch\u016b with juniper, local citrus trees, cherry blossoms and local herbs, always persistently pursuing clarity and perfection. The fruits of this effort are highlighted in the delicate aromas of blossoms reminiscent of those found in the mountains and coastline surrounding our home in Kagoshima.<\/p>\n<p>Juniper, cherry blossom, orange, Parma violet, coriander, woody spice<\/p>\n","protected":false},"excerpt":{"rendered":"<p>In Japan, there is a short period during spring when sakura blossoms (cherry trees) are in full bloom. In a<\/p>\n","protected":false},"featured_media":18520,"template":"","meta":[],"product_brand":[],"product_cat":[1722,1751],"product_tag":[],"class_list":{"0":"post-18984","1":"product","2":"type-product","3":"status-publish","4":"has-post-thumbnail","6":"product_cat-drinks","7":"product_cat-gin","8":"pa_--700ml-en","9":"pa_-kirker-greer-spirits-en","10":"pa_--40-0-en","11":"pa_--japan","13":"first","14":"instock","15":"shipping-taxable","16":"purchasable","17":"product-type-simple"},"yoast_head":"<!-- This site is optimized with the Yoast SEO plugin v27.5 - https:\/\/yoast.com\/product\/yoast-seo-wordpress\/ -->\n<title>KIRKER GREER UKIYO JAPANESE BLOSSOM GIN 700ML - Drinks365<\/title>\n<meta name=\"robots\" content=\"index, follow, max-snippet:-1, max-image-preview:large, max-video-preview:-1\" \/>\n<link rel=\"canonical\" href=\"https:\/\/drinks365.gr\/en\/shop-en\/drinks\/gin\/kirker-greer-ukiyo-japanese-blossom-gin-700ml\/\" \/>\n<meta property=\"og:locale\" content=\"en_US\" \/>\n<meta property=\"og:type\" content=\"article\" \/>\n<meta property=\"og:title\" content=\"KIRKER GREER UKIYO JAPANESE BLOSSOM GIN 700ML - Drinks365\" \/>\n<meta property=\"og:description\" content=\"In Japan, there is a short period during spring when sakura blossoms (cherry trees) are in full bloom. In a\" \/>\n<meta property=\"og:url\" content=\"https:\/\/drinks365.gr\/en\/shop-en\/drinks\/gin\/kirker-greer-ukiyo-japanese-blossom-gin-700ml\/\" \/>\n<meta property=\"og:site_name\" content=\"Drinks365\" \/>\n<meta property=\"article:publisher\" content=\"https:\/\/www.facebook.com\/drinks365gr\/\" \/>\n<meta property=\"article:modified_time\" content=\"2025-05-15T13:07:42+00:00\" \/>\n<meta property=\"og:image\" content=\"https:\/\/drinks365.gr\/wp-content\/uploads\/2022\/11\/UKIYO-1.png\" \/>\n\t<meta property=\"og:image:width\" content=\"371\" \/>\n\t<meta property=\"og:image:height\" content=\"900\" \/>\n\t<meta property=\"og:image:type\" content=\"image\/png\" \/>\n<meta name=\"twitter:card\" content=\"summary_large_image\" \/>\n<meta name=\"twitter:label1\" content=\"Est. reading time\" \/>\n\t<meta name=\"twitter:data1\" content=\"1 minute\" \/>\n<script type=\"application\/ld+json\" class=\"yoast-schema-graph\">{\"@context\":\"https:\\\/\\\/schema.org\",\"@graph\":[{\"@type\":\"WebPage\",\"@id\":\"https:\\\/\\\/drinks365.gr\\\/en\\\/shop-en\\\/drinks\\\/gin\\\/kirker-greer-ukiyo-japanese-blossom-gin-700ml\\\/\",\"url\":\"https:\\\/\\\/drinks365.gr\\\/en\\\/shop-en\\\/drinks\\\/gin\\\/kirker-greer-ukiyo-japanese-blossom-gin-700ml\\\/\",\"name\":\"KIRKER GREER UKIYO JAPANESE BLOSSOM GIN 700ML - Drinks365\",\"isPartOf\":{\"@id\":\"https:\\\/\\\/drinks365.gr\\\/en\\\/#website\"},\"primaryImageOfPage\":{\"@id\":\"https:\\\/\\\/drinks365.gr\\\/en\\\/shop-en\\\/drinks\\\/gin\\\/kirker-greer-ukiyo-japanese-blossom-gin-700ml\\\/#primaryimage\"},\"image\":{\"@id\":\"https:\\\/\\\/drinks365.gr\\\/en\\\/shop-en\\\/drinks\\\/gin\\\/kirker-greer-ukiyo-japanese-blossom-gin-700ml\\\/#primaryimage\"},\"thumbnailUrl\":\"https:\\\/\\\/drinks365.gr\\\/wp-content\\\/uploads\\\/2022\\\/11\\\/UKIYO-1.png\",\"datePublished\":\"2022-11-26T10:50:03+00:00\",\"dateModified\":\"2025-05-15T13:07:42+00:00\",\"breadcrumb\":{\"@id\":\"https:\\\/\\\/drinks365.gr\\\/en\\\/shop-en\\\/drinks\\\/gin\\\/kirker-greer-ukiyo-japanese-blossom-gin-700ml\\\/#breadcrumb\"},\"inLanguage\":\"en-US\",\"potentialAction\":[{\"@type\":\"ReadAction\",\"target\":[\"https:\\\/\\\/drinks365.gr\\\/en\\\/shop-en\\\/drinks\\\/gin\\\/kirker-greer-ukiyo-japanese-blossom-gin-700ml\\\/\"]}]},{\"@type\":\"ImageObject\",\"inLanguage\":\"en-US\",\"@id\":\"https:\\\/\\\/drinks365.gr\\\/en\\\/shop-en\\\/drinks\\\/gin\\\/kirker-greer-ukiyo-japanese-blossom-gin-700ml\\\/#primaryimage\",\"url\":\"https:\\\/\\\/drinks365.gr\\\/wp-content\\\/uploads\\\/2022\\\/11\\\/UKIYO-1.png\",\"contentUrl\":\"https:\\\/\\\/drinks365.gr\\\/wp-content\\\/uploads\\\/2022\\\/11\\\/UKIYO-1.png\",\"width\":371,\"height\":900},{\"@type\":\"BreadcrumbList\",\"@id\":\"https:\\\/\\\/drinks365.gr\\\/en\\\/shop-en\\\/drinks\\\/gin\\\/kirker-greer-ukiyo-japanese-blossom-gin-700ml\\\/#breadcrumb\",\"itemListElement\":[{\"@type\":\"ListItem\",\"position\":1,\"name\":\"Home\",\"item\":\"https:\\\/\\\/drinks365.gr\\\/en\\\/\"},{\"@type\":\"ListItem\",\"position\":2,\"name\":\"Shop\",\"item\":\"https:\\\/\\\/drinks365.gr\\\/en\\\/shop-en\\\/\"},{\"@type\":\"ListItem\",\"position\":3,\"name\":\"KIRKER GREER UKIYO JAPANESE BLOSSOM GIN 700ML\"}]},{\"@type\":\"WebSite\",\"@id\":\"https:\\\/\\\/drinks365.gr\\\/en\\\/#website\",\"url\":\"https:\\\/\\\/drinks365.gr\\\/en\\\/\",\"name\":\"Drinks365\",\"description\":\"\",\"potentialAction\":[{\"@type\":\"SearchAction\",\"target\":{\"@type\":\"EntryPoint\",\"urlTemplate\":\"https:\\\/\\\/drinks365.gr\\\/en\\\/?s={search_term_string}\"},\"query-input\":{\"@type\":\"PropertyValueSpecification\",\"valueRequired\":true,\"valueName\":\"search_term_string\"}}],\"inLanguage\":\"en-US\"}]}<\/script>\n<!-- \/ Yoast SEO plugin. -->","yoast_head_json":{"title":"KIRKER GREER UKIYO JAPANESE BLOSSOM GIN 700ML - Drinks365","robots":{"index":"index","follow":"follow","max-snippet":"max-snippet:-1","max-image-preview":"max-image-preview:large","max-video-preview":"max-video-preview:-1"},"canonical":"https:\/\/drinks365.gr\/en\/shop-en\/drinks\/gin\/kirker-greer-ukiyo-japanese-blossom-gin-700ml\/","og_locale":"en_US","og_type":"article","og_title":"KIRKER GREER UKIYO JAPANESE BLOSSOM GIN 700ML - Drinks365","og_description":"In Japan, there is a short period during spring when sakura blossoms (cherry trees) are in full bloom. In a","og_url":"https:\/\/drinks365.gr\/en\/shop-en\/drinks\/gin\/kirker-greer-ukiyo-japanese-blossom-gin-700ml\/","og_site_name":"Drinks365","article_publisher":"https:\/\/www.facebook.com\/drinks365gr\/","article_modified_time":"2025-05-15T13:07:42+00:00","og_image":[{"width":371,"height":900,"url":"https:\/\/drinks365.gr\/wp-content\/uploads\/2022\/11\/UKIYO-1.png","type":"image\/png"}],"twitter_card":"summary_large_image","twitter_misc":{"Est. reading time":"1 minute"},"schema":{"@context":"https:\/\/schema.org","@graph":[{"@type":"WebPage","@id":"https:\/\/drinks365.gr\/en\/shop-en\/drinks\/gin\/kirker-greer-ukiyo-japanese-blossom-gin-700ml\/","url":"https:\/\/drinks365.gr\/en\/shop-en\/drinks\/gin\/kirker-greer-ukiyo-japanese-blossom-gin-700ml\/","name":"KIRKER GREER UKIYO JAPANESE BLOSSOM GIN 700ML - Drinks365","isPartOf":{"@id":"https:\/\/drinks365.gr\/en\/#website"},"primaryImageOfPage":{"@id":"https:\/\/drinks365.gr\/en\/shop-en\/drinks\/gin\/kirker-greer-ukiyo-japanese-blossom-gin-700ml\/#primaryimage"},"image":{"@id":"https:\/\/drinks365.gr\/en\/shop-en\/drinks\/gin\/kirker-greer-ukiyo-japanese-blossom-gin-700ml\/#primaryimage"},"thumbnailUrl":"https:\/\/drinks365.gr\/wp-content\/uploads\/2022\/11\/UKIYO-1.png","datePublished":"2022-11-26T10:50:03+00:00","dateModified":"2025-05-15T13:07:42+00:00","breadcrumb":{"@id":"https:\/\/drinks365.gr\/en\/shop-en\/drinks\/gin\/kirker-greer-ukiyo-japanese-blossom-gin-700ml\/#breadcrumb"},"inLanguage":"en-US","potentialAction":[{"@type":"ReadAction","target":["https:\/\/drinks365.gr\/en\/shop-en\/drinks\/gin\/kirker-greer-ukiyo-japanese-blossom-gin-700ml\/"]}]},{"@type":"ImageObject","inLanguage":"en-US","@id":"https:\/\/drinks365.gr\/en\/shop-en\/drinks\/gin\/kirker-greer-ukiyo-japanese-blossom-gin-700ml\/#primaryimage","url":"https:\/\/drinks365.gr\/wp-content\/uploads\/2022\/11\/UKIYO-1.png","contentUrl":"https:\/\/drinks365.gr\/wp-content\/uploads\/2022\/11\/UKIYO-1.png","width":371,"height":900},{"@type":"BreadcrumbList","@id":"https:\/\/drinks365.gr\/en\/shop-en\/drinks\/gin\/kirker-greer-ukiyo-japanese-blossom-gin-700ml\/#breadcrumb","itemListElement":[{"@type":"ListItem","position":1,"name":"Home","item":"https:\/\/drinks365.gr\/en\/"},{"@type":"ListItem","position":2,"name":"Shop","item":"https:\/\/drinks365.gr\/en\/shop-en\/"},{"@type":"ListItem","position":3,"name":"KIRKER GREER UKIYO JAPANESE BLOSSOM GIN 700ML"}]},{"@type":"WebSite","@id":"https:\/\/drinks365.gr\/en\/#website","url":"https:\/\/drinks365.gr\/en\/","name":"Drinks365","description":"","potentialAction":[{"@type":"SearchAction","target":{"@type":"EntryPoint","urlTemplate":"https:\/\/drinks365.gr\/en\/?s={search_term_string}"},"query-input":{"@type":"PropertyValueSpecification","valueRequired":true,"valueName":"search_term_string"}}],"inLanguage":"en-US"}]}},"_links":{"self":[{"href":"https:\/\/drinks365.gr\/en\/wp-json\/wp\/v2\/product\/18984","targetHints":{"allow":["GET"]}}],"collection":[{"href":"https:\/\/drinks365.gr\/en\/wp-json\/wp\/v2\/product"}],"about":[{"href":"https:\/\/drinks365.gr\/en\/wp-json\/wp\/v2\/types\/product"}],"wp:featuredmedia":[{"embeddable":true,"href":"https:\/\/drinks365.gr\/en\/wp-json\/wp\/v2\/media\/18520"}],"wp:attachment":[{"href":"https:\/\/drinks365.gr\/en\/wp-json\/wp\/v2\/media?parent=18984"}],"wp:term":[{"taxonomy":"product_brand","embeddable":true,"href":"https:\/\/drinks365.gr\/en\/wp-json\/wp\/v2\/product_brand?post=18984"},{"taxonomy":"product_cat","embeddable":true,"href":"https:\/\/drinks365.gr\/en\/wp-json\/wp\/v2\/product_cat?post=18984"},{"taxonomy":"product_tag","embeddable":true,"href":"https:\/\/drinks365.gr\/en\/wp-json\/wp\/v2\/product_tag?post=18984"}],"curies":[{"name":"wp","href":"https:\/\/api.w.org\/{rel}","templated":true}]}}