{"id":19540,"date":"2021-05-31T12:29:30","date_gmt":"2021-05-31T10:29:30","guid":{"rendered":"https:\/\/www.drinks365.gr\/shop\/uncategorized\/la-tour-melas-idylle-dachinos-2020-rose-1-5l\/"},"modified":"2025-02-27T17:30:59","modified_gmt":"2025-02-27T14:30:59","slug":"la-tour-melas-idylle-dachinos-2020-rose-1-5l","status":"publish","type":"product","link":"https:\/\/drinks365.gr\/en\/shop-en\/wines\/magnum-en\/la-tour-melas-idylle-dachinos-2020-rose-1-5l\/","title":{"rendered":"LA TOUR MELAS IDYLLE D&#8217;ACHINOS 2022 ROSE 1.5L"},"content":{"rendered":"<p>Set from a 100-year-old vineyard, Idylle Ros\u00e9 features a bright and soft ros\u00e9 colour that captures the eye and is reminiscent of the ros\u00e9 wines of Provence. On the nose it impresses with a refined aromatic composition with notes of rose, while in the mouth it is easy to drink, cool, with nice acidity and flavor intensity.<\/p>\n","protected":false},"excerpt":{"rendered":"<p>Set from a 100-year-old vineyard, Idylle Ros\u00e9 features a bright and soft ros\u00e9 colour that captures the eye and is<\/p>\n","protected":false},"featured_media":17681,"template":"","meta":[],"product_brand":[],"product_cat":[1698,2449],"product_tag":[],"class_list":{"0":"post-19540","1":"product","2":"type-product","3":"status-publish","4":"has-post-thumbnail","6":"product_cat-wines","7":"product_cat-magnum-en","8":"pa_-wines","9":"pa_--1-5l-en","10":"pa_-la-tour-melas-en","11":"pa_-grenachesyrahagiorgitiko","12":"pa_--12-9-en","13":"pa_-2022-en","14":"pa_-rose","15":"pa_--greece","17":"first","18":"instock","19":"shipping-taxable","20":"purchasable","21":"product-type-simple"},"yoast_head":"<!-- This site is optimized with the Yoast SEO plugin v27.1.1 - https:\/\/yoast.com\/product\/yoast-seo-wordpress\/ -->\n<title>LA TOUR MELAS IDYLLE D&#039;ACHINOS 2022 ROSE 1.5L - Drinks365<\/title>\n<meta name=\"robots\" content=\"index, follow, max-snippet:-1, max-image-preview:large, max-video-preview:-1\" \/>\n<link rel=\"canonical\" href=\"https:\/\/drinks365.gr\/en\/shop-en\/wines\/magnum-en\/la-tour-melas-idylle-dachinos-2020-rose-1-5l\/\" \/>\n<meta property=\"og:locale\" content=\"en_US\" \/>\n<meta property=\"og:type\" content=\"article\" \/>\n<meta property=\"og:title\" content=\"LA TOUR MELAS IDYLLE D&#039;ACHINOS 2022 ROSE 1.5L - Drinks365\" \/>\n<meta property=\"og:description\" content=\"Set from a 100-year-old vineyard, Idylle Ros\u00e9 features a bright and soft ros\u00e9 colour that captures the eye and is\" \/>\n<meta property=\"og:url\" content=\"https:\/\/drinks365.gr\/en\/shop-en\/wines\/magnum-en\/la-tour-melas-idylle-dachinos-2020-rose-1-5l\/\" \/>\n<meta property=\"og:site_name\" content=\"Drinks365\" \/>\n<meta property=\"article:publisher\" content=\"https:\/\/www.facebook.com\/drinks365gr\/\" \/>\n<meta property=\"article:modified_time\" content=\"2025-02-27T14:30:59+00:00\" \/>\n<meta property=\"og:image\" content=\"https:\/\/drinks365.gr\/wp-content\/uploads\/2021\/05\/IDYLLE.jpg\" \/>\n\t<meta property=\"og:image:width\" content=\"1200\" \/>\n\t<meta property=\"og:image:height\" content=\"1200\" \/>\n\t<meta property=\"og:image:type\" content=\"image\/jpeg\" \/>\n<meta name=\"twitter:card\" content=\"summary_large_image\" \/>\n<script type=\"application\/ld+json\" class=\"yoast-schema-graph\">{\"@context\":\"https:\/\/schema.org\",\"@graph\":[{\"@type\":\"WebPage\",\"@id\":\"https:\/\/drinks365.gr\/en\/shop-en\/wines\/magnum-en\/la-tour-melas-idylle-dachinos-2020-rose-1-5l\/\",\"url\":\"https:\/\/drinks365.gr\/en\/shop-en\/wines\/magnum-en\/la-tour-melas-idylle-dachinos-2020-rose-1-5l\/\",\"name\":\"LA TOUR MELAS IDYLLE D'ACHINOS 2022 ROSE 1.5L - Drinks365\",\"isPartOf\":{\"@id\":\"https:\/\/drinks365.gr\/en\/#website\"},\"primaryImageOfPage\":{\"@id\":\"https:\/\/drinks365.gr\/en\/shop-en\/wines\/magnum-en\/la-tour-melas-idylle-dachinos-2020-rose-1-5l\/#primaryimage\"},\"image\":{\"@id\":\"https:\/\/drinks365.gr\/en\/shop-en\/wines\/magnum-en\/la-tour-melas-idylle-dachinos-2020-rose-1-5l\/#primaryimage\"},\"thumbnailUrl\":\"https:\/\/drinks365.gr\/wp-content\/uploads\/2021\/05\/IDYLLE.jpg\",\"datePublished\":\"2021-05-31T10:29:30+00:00\",\"dateModified\":\"2025-02-27T14:30:59+00:00\",\"breadcrumb\":{\"@id\":\"https:\/\/drinks365.gr\/en\/shop-en\/wines\/magnum-en\/la-tour-melas-idylle-dachinos-2020-rose-1-5l\/#breadcrumb\"},\"inLanguage\":\"en-US\",\"potentialAction\":[{\"@type\":\"ReadAction\",\"target\":[\"https:\/\/drinks365.gr\/en\/shop-en\/wines\/magnum-en\/la-tour-melas-idylle-dachinos-2020-rose-1-5l\/\"]}]},{\"@type\":\"ImageObject\",\"inLanguage\":\"en-US\",\"@id\":\"https:\/\/drinks365.gr\/en\/shop-en\/wines\/magnum-en\/la-tour-melas-idylle-dachinos-2020-rose-1-5l\/#primaryimage\",\"url\":\"https:\/\/drinks365.gr\/wp-content\/uploads\/2021\/05\/IDYLLE.jpg\",\"contentUrl\":\"https:\/\/drinks365.gr\/wp-content\/uploads\/2021\/05\/IDYLLE.jpg\",\"width\":1200,\"height\":1200},{\"@type\":\"BreadcrumbList\",\"@id\":\"https:\/\/drinks365.gr\/en\/shop-en\/wines\/magnum-en\/la-tour-melas-idylle-dachinos-2020-rose-1-5l\/#breadcrumb\",\"itemListElement\":[{\"@type\":\"ListItem\",\"position\":1,\"name\":\"Home\",\"item\":\"https:\/\/drinks365.gr\/en\/\"},{\"@type\":\"ListItem\",\"position\":2,\"name\":\"\u039a\u03b1\u03c4\u03ac\u03c3\u03c4\u03b7\u03bc\u03b1\",\"item\":\"https:\/\/drinks365.gr\/shop\/\"},{\"@type\":\"ListItem\",\"position\":3,\"name\":\"LA TOUR MELAS IDYLLE D&#8217;ACHINOS 2022 ROSE 1.5L\"}]},{\"@type\":\"WebSite\",\"@id\":\"https:\/\/drinks365.gr\/en\/#website\",\"url\":\"https:\/\/drinks365.gr\/en\/\",\"name\":\"Drinks365\",\"description\":\"\",\"potentialAction\":[{\"@type\":\"SearchAction\",\"target\":{\"@type\":\"EntryPoint\",\"urlTemplate\":\"https:\/\/drinks365.gr\/en\/?s={search_term_string}\"},\"query-input\":{\"@type\":\"PropertyValueSpecification\",\"valueRequired\":true,\"valueName\":\"search_term_string\"}}],\"inLanguage\":\"en-US\"}]}<\/script>\n<!-- \/ Yoast SEO plugin. -->","yoast_head_json":{"title":"LA TOUR MELAS IDYLLE D'ACHINOS 2022 ROSE 1.5L - Drinks365","robots":{"index":"index","follow":"follow","max-snippet":"max-snippet:-1","max-image-preview":"max-image-preview:large","max-video-preview":"max-video-preview:-1"},"canonical":"https:\/\/drinks365.gr\/en\/shop-en\/wines\/magnum-en\/la-tour-melas-idylle-dachinos-2020-rose-1-5l\/","og_locale":"en_US","og_type":"article","og_title":"LA TOUR MELAS IDYLLE D'ACHINOS 2022 ROSE 1.5L - Drinks365","og_description":"Set from a 100-year-old vineyard, Idylle Ros\u00e9 features a bright and soft ros\u00e9 colour that captures the eye and is","og_url":"https:\/\/drinks365.gr\/en\/shop-en\/wines\/magnum-en\/la-tour-melas-idylle-dachinos-2020-rose-1-5l\/","og_site_name":"Drinks365","article_publisher":"https:\/\/www.facebook.com\/drinks365gr\/","article_modified_time":"2025-02-27T14:30:59+00:00","og_image":[{"width":1200,"height":1200,"url":"https:\/\/drinks365.gr\/wp-content\/uploads\/2021\/05\/IDYLLE.jpg","type":"image\/jpeg"}],"twitter_card":"summary_large_image","schema":{"@context":"https:\/\/schema.org","@graph":[{"@type":"WebPage","@id":"https:\/\/drinks365.gr\/en\/shop-en\/wines\/magnum-en\/la-tour-melas-idylle-dachinos-2020-rose-1-5l\/","url":"https:\/\/drinks365.gr\/en\/shop-en\/wines\/magnum-en\/la-tour-melas-idylle-dachinos-2020-rose-1-5l\/","name":"LA TOUR MELAS IDYLLE D'ACHINOS 2022 ROSE 1.5L - Drinks365","isPartOf":{"@id":"https:\/\/drinks365.gr\/en\/#website"},"primaryImageOfPage":{"@id":"https:\/\/drinks365.gr\/en\/shop-en\/wines\/magnum-en\/la-tour-melas-idylle-dachinos-2020-rose-1-5l\/#primaryimage"},"image":{"@id":"https:\/\/drinks365.gr\/en\/shop-en\/wines\/magnum-en\/la-tour-melas-idylle-dachinos-2020-rose-1-5l\/#primaryimage"},"thumbnailUrl":"https:\/\/drinks365.gr\/wp-content\/uploads\/2021\/05\/IDYLLE.jpg","datePublished":"2021-05-31T10:29:30+00:00","dateModified":"2025-02-27T14:30:59+00:00","breadcrumb":{"@id":"https:\/\/drinks365.gr\/en\/shop-en\/wines\/magnum-en\/la-tour-melas-idylle-dachinos-2020-rose-1-5l\/#breadcrumb"},"inLanguage":"en-US","potentialAction":[{"@type":"ReadAction","target":["https:\/\/drinks365.gr\/en\/shop-en\/wines\/magnum-en\/la-tour-melas-idylle-dachinos-2020-rose-1-5l\/"]}]},{"@type":"ImageObject","inLanguage":"en-US","@id":"https:\/\/drinks365.gr\/en\/shop-en\/wines\/magnum-en\/la-tour-melas-idylle-dachinos-2020-rose-1-5l\/#primaryimage","url":"https:\/\/drinks365.gr\/wp-content\/uploads\/2021\/05\/IDYLLE.jpg","contentUrl":"https:\/\/drinks365.gr\/wp-content\/uploads\/2021\/05\/IDYLLE.jpg","width":1200,"height":1200},{"@type":"BreadcrumbList","@id":"https:\/\/drinks365.gr\/en\/shop-en\/wines\/magnum-en\/la-tour-melas-idylle-dachinos-2020-rose-1-5l\/#breadcrumb","itemListElement":[{"@type":"ListItem","position":1,"name":"Home","item":"https:\/\/drinks365.gr\/en\/"},{"@type":"ListItem","position":2,"name":"\u039a\u03b1\u03c4\u03ac\u03c3\u03c4\u03b7\u03bc\u03b1","item":"https:\/\/drinks365.gr\/shop\/"},{"@type":"ListItem","position":3,"name":"LA TOUR MELAS IDYLLE D&#8217;ACHINOS 2022 ROSE 1.5L"}]},{"@type":"WebSite","@id":"https:\/\/drinks365.gr\/en\/#website","url":"https:\/\/drinks365.gr\/en\/","name":"Drinks365","description":"","potentialAction":[{"@type":"SearchAction","target":{"@type":"EntryPoint","urlTemplate":"https:\/\/drinks365.gr\/en\/?s={search_term_string}"},"query-input":{"@type":"PropertyValueSpecification","valueRequired":true,"valueName":"search_term_string"}}],"inLanguage":"en-US"}]}},"_links":{"self":[{"href":"https:\/\/drinks365.gr\/en\/wp-json\/wp\/v2\/product\/19540","targetHints":{"allow":["GET"]}}],"collection":[{"href":"https:\/\/drinks365.gr\/en\/wp-json\/wp\/v2\/product"}],"about":[{"href":"https:\/\/drinks365.gr\/en\/wp-json\/wp\/v2\/types\/product"}],"wp:featuredmedia":[{"embeddable":true,"href":"https:\/\/drinks365.gr\/en\/wp-json\/wp\/v2\/media\/17681"}],"wp:attachment":[{"href":"https:\/\/drinks365.gr\/en\/wp-json\/wp\/v2\/media?parent=19540"}],"wp:term":[{"taxonomy":"product_brand","embeddable":true,"href":"https:\/\/drinks365.gr\/en\/wp-json\/wp\/v2\/product_brand?post=19540"},{"taxonomy":"product_cat","embeddable":true,"href":"https:\/\/drinks365.gr\/en\/wp-json\/wp\/v2\/product_cat?post=19540"},{"taxonomy":"product_tag","embeddable":true,"href":"https:\/\/drinks365.gr\/en\/wp-json\/wp\/v2\/product_tag?post=19540"}],"curies":[{"name":"wp","href":"https:\/\/api.w.org\/{rel}","templated":true}]}}