{"id":19908,"date":"2020-11-21T14:09:31","date_gmt":"2020-11-21T11:09:31","guid":{"rendered":"https:\/\/www.drinks365.gr\/shop\/uncategorized\/courvoisier-xo-cognac-700ml\/"},"modified":"2025-07-16T14:40:21","modified_gmt":"2025-07-16T11:40:21","slug":"courvoisier-xo-cognac-700ml","status":"publish","type":"product","link":"https:\/\/drinks365.gr\/en\/shop-en\/drinks\/brandy-cognac\/courvoisier-xo-cognac-700ml\/","title":{"rendered":"COURVOISIER XO COGNAC 700ml"},"content":{"rendered":"<p>XO pays homage to the Cognac region with carefully selected eaux-de-vie. The characteristic style of rich fruity notes reveals an extremely layered blend with an elegant floral finish.<br \/>\nAt first, the delicate but rich notes of fig, raisin, plum and caramelized orange fruits reveal an extremely layered and ripe blend. Then, an autumn bouquet with distinct iris notes while at the end the eaux-de-vie mature in privately owned barrels with complex aging techniques, for cr\u00e8me br\u00fbl\u00e9e notes and long finish.<br \/>\nXO, with its complex notes of candied fruit and caramel, is considered superior cognac among specialists. Roquefort&#8217;s intense, spicy and salty flavor stands up to the richness of XO and highlights its unique profile.<\/p>\n","protected":false},"excerpt":{"rendered":"<p>XO pays homage to the Cognac region with carefully selected eaux-de-vie. The characteristic style of rich fruity notes reveals an<\/p>\n","protected":false},"featured_media":18683,"template":"","meta":[],"product_brand":[],"product_cat":[2633],"product_tag":[],"class_list":{"0":"post-19908","1":"product","2":"type-product","3":"status-publish","4":"has-post-thumbnail","6":"product_cat-brandy-cognac","7":"pa_--700ml-en","8":"pa_-courvoiser-en","9":"pa_--40-0-en","10":"pa_--france","12":"first","13":"instock","14":"shipping-taxable","15":"purchasable","16":"product-type-simple"},"yoast_head":"<!-- This site is optimized with the Yoast SEO plugin v27.1.1 - https:\/\/yoast.com\/product\/yoast-seo-wordpress\/ -->\n<title>COURVOISIER XO COGNAC 700ml - Drinks365<\/title>\n<meta name=\"robots\" content=\"index, follow, max-snippet:-1, max-image-preview:large, max-video-preview:-1\" \/>\n<link rel=\"canonical\" href=\"https:\/\/drinks365.gr\/en\/shop-en\/drinks\/brandy-cognac\/courvoisier-xo-cognac-700ml\/\" \/>\n<meta property=\"og:locale\" content=\"en_US\" \/>\n<meta property=\"og:type\" content=\"article\" \/>\n<meta property=\"og:title\" content=\"COURVOISIER XO COGNAC 700ml - Drinks365\" \/>\n<meta property=\"og:description\" content=\"XO pays homage to the Cognac region with carefully selected eaux-de-vie. The characteristic style of rich fruity notes reveals an\" \/>\n<meta property=\"og:url\" content=\"https:\/\/drinks365.gr\/en\/shop-en\/drinks\/brandy-cognac\/courvoisier-xo-cognac-700ml\/\" \/>\n<meta property=\"og:site_name\" content=\"Drinks365\" \/>\n<meta property=\"article:publisher\" content=\"https:\/\/www.facebook.com\/drinks365gr\/\" \/>\n<meta property=\"article:modified_time\" content=\"2025-07-16T11:40:21+00:00\" \/>\n<meta property=\"og:image\" content=\"https:\/\/drinks365.gr\/wp-content\/uploads\/2020\/11\/xo.webp\" \/>\n\t<meta property=\"og:image:width\" content=\"1000\" \/>\n\t<meta property=\"og:image:height\" content=\"1000\" \/>\n\t<meta property=\"og:image:type\" content=\"image\/webp\" \/>\n<meta name=\"twitter:card\" content=\"summary_large_image\" \/>\n<meta name=\"twitter:label1\" content=\"Est. reading time\" \/>\n\t<meta name=\"twitter:data1\" content=\"1 minute\" \/>\n<script type=\"application\/ld+json\" class=\"yoast-schema-graph\">{\"@context\":\"https:\/\/schema.org\",\"@graph\":[{\"@type\":\"WebPage\",\"@id\":\"https:\/\/drinks365.gr\/en\/shop-en\/drinks\/brandy-cognac\/courvoisier-xo-cognac-700ml\/\",\"url\":\"https:\/\/drinks365.gr\/en\/shop-en\/drinks\/brandy-cognac\/courvoisier-xo-cognac-700ml\/\",\"name\":\"COURVOISIER XO COGNAC 700ml - Drinks365\",\"isPartOf\":{\"@id\":\"https:\/\/drinks365.gr\/en\/#website\"},\"primaryImageOfPage\":{\"@id\":\"https:\/\/drinks365.gr\/en\/shop-en\/drinks\/brandy-cognac\/courvoisier-xo-cognac-700ml\/#primaryimage\"},\"image\":{\"@id\":\"https:\/\/drinks365.gr\/en\/shop-en\/drinks\/brandy-cognac\/courvoisier-xo-cognac-700ml\/#primaryimage\"},\"thumbnailUrl\":\"https:\/\/drinks365.gr\/wp-content\/uploads\/2020\/11\/xo.webp\",\"datePublished\":\"2020-11-21T11:09:31+00:00\",\"dateModified\":\"2025-07-16T11:40:21+00:00\",\"breadcrumb\":{\"@id\":\"https:\/\/drinks365.gr\/en\/shop-en\/drinks\/brandy-cognac\/courvoisier-xo-cognac-700ml\/#breadcrumb\"},\"inLanguage\":\"en-US\",\"potentialAction\":[{\"@type\":\"ReadAction\",\"target\":[\"https:\/\/drinks365.gr\/en\/shop-en\/drinks\/brandy-cognac\/courvoisier-xo-cognac-700ml\/\"]}]},{\"@type\":\"ImageObject\",\"inLanguage\":\"en-US\",\"@id\":\"https:\/\/drinks365.gr\/en\/shop-en\/drinks\/brandy-cognac\/courvoisier-xo-cognac-700ml\/#primaryimage\",\"url\":\"https:\/\/drinks365.gr\/wp-content\/uploads\/2020\/11\/xo.webp\",\"contentUrl\":\"https:\/\/drinks365.gr\/wp-content\/uploads\/2020\/11\/xo.webp\",\"width\":1000,\"height\":1000},{\"@type\":\"BreadcrumbList\",\"@id\":\"https:\/\/drinks365.gr\/en\/shop-en\/drinks\/brandy-cognac\/courvoisier-xo-cognac-700ml\/#breadcrumb\",\"itemListElement\":[{\"@type\":\"ListItem\",\"position\":1,\"name\":\"Home\",\"item\":\"https:\/\/drinks365.gr\/en\/\"},{\"@type\":\"ListItem\",\"position\":2,\"name\":\"\u039a\u03b1\u03c4\u03ac\u03c3\u03c4\u03b7\u03bc\u03b1\",\"item\":\"https:\/\/drinks365.gr\/shop\/\"},{\"@type\":\"ListItem\",\"position\":3,\"name\":\"COURVOISIER XO COGNAC 700ml\"}]},{\"@type\":\"WebSite\",\"@id\":\"https:\/\/drinks365.gr\/en\/#website\",\"url\":\"https:\/\/drinks365.gr\/en\/\",\"name\":\"Drinks365\",\"description\":\"\",\"potentialAction\":[{\"@type\":\"SearchAction\",\"target\":{\"@type\":\"EntryPoint\",\"urlTemplate\":\"https:\/\/drinks365.gr\/en\/?s={search_term_string}\"},\"query-input\":{\"@type\":\"PropertyValueSpecification\",\"valueRequired\":true,\"valueName\":\"search_term_string\"}}],\"inLanguage\":\"en-US\"}]}<\/script>\n<!-- \/ Yoast SEO plugin. -->","yoast_head_json":{"title":"COURVOISIER XO COGNAC 700ml - Drinks365","robots":{"index":"index","follow":"follow","max-snippet":"max-snippet:-1","max-image-preview":"max-image-preview:large","max-video-preview":"max-video-preview:-1"},"canonical":"https:\/\/drinks365.gr\/en\/shop-en\/drinks\/brandy-cognac\/courvoisier-xo-cognac-700ml\/","og_locale":"en_US","og_type":"article","og_title":"COURVOISIER XO COGNAC 700ml - Drinks365","og_description":"XO pays homage to the Cognac region with carefully selected eaux-de-vie. The characteristic style of rich fruity notes reveals an","og_url":"https:\/\/drinks365.gr\/en\/shop-en\/drinks\/brandy-cognac\/courvoisier-xo-cognac-700ml\/","og_site_name":"Drinks365","article_publisher":"https:\/\/www.facebook.com\/drinks365gr\/","article_modified_time":"2025-07-16T11:40:21+00:00","og_image":[{"width":1000,"height":1000,"url":"https:\/\/drinks365.gr\/wp-content\/uploads\/2020\/11\/xo.webp","type":"image\/webp"}],"twitter_card":"summary_large_image","twitter_misc":{"Est. reading time":"1 minute"},"schema":{"@context":"https:\/\/schema.org","@graph":[{"@type":"WebPage","@id":"https:\/\/drinks365.gr\/en\/shop-en\/drinks\/brandy-cognac\/courvoisier-xo-cognac-700ml\/","url":"https:\/\/drinks365.gr\/en\/shop-en\/drinks\/brandy-cognac\/courvoisier-xo-cognac-700ml\/","name":"COURVOISIER XO COGNAC 700ml - Drinks365","isPartOf":{"@id":"https:\/\/drinks365.gr\/en\/#website"},"primaryImageOfPage":{"@id":"https:\/\/drinks365.gr\/en\/shop-en\/drinks\/brandy-cognac\/courvoisier-xo-cognac-700ml\/#primaryimage"},"image":{"@id":"https:\/\/drinks365.gr\/en\/shop-en\/drinks\/brandy-cognac\/courvoisier-xo-cognac-700ml\/#primaryimage"},"thumbnailUrl":"https:\/\/drinks365.gr\/wp-content\/uploads\/2020\/11\/xo.webp","datePublished":"2020-11-21T11:09:31+00:00","dateModified":"2025-07-16T11:40:21+00:00","breadcrumb":{"@id":"https:\/\/drinks365.gr\/en\/shop-en\/drinks\/brandy-cognac\/courvoisier-xo-cognac-700ml\/#breadcrumb"},"inLanguage":"en-US","potentialAction":[{"@type":"ReadAction","target":["https:\/\/drinks365.gr\/en\/shop-en\/drinks\/brandy-cognac\/courvoisier-xo-cognac-700ml\/"]}]},{"@type":"ImageObject","inLanguage":"en-US","@id":"https:\/\/drinks365.gr\/en\/shop-en\/drinks\/brandy-cognac\/courvoisier-xo-cognac-700ml\/#primaryimage","url":"https:\/\/drinks365.gr\/wp-content\/uploads\/2020\/11\/xo.webp","contentUrl":"https:\/\/drinks365.gr\/wp-content\/uploads\/2020\/11\/xo.webp","width":1000,"height":1000},{"@type":"BreadcrumbList","@id":"https:\/\/drinks365.gr\/en\/shop-en\/drinks\/brandy-cognac\/courvoisier-xo-cognac-700ml\/#breadcrumb","itemListElement":[{"@type":"ListItem","position":1,"name":"Home","item":"https:\/\/drinks365.gr\/en\/"},{"@type":"ListItem","position":2,"name":"\u039a\u03b1\u03c4\u03ac\u03c3\u03c4\u03b7\u03bc\u03b1","item":"https:\/\/drinks365.gr\/shop\/"},{"@type":"ListItem","position":3,"name":"COURVOISIER XO COGNAC 700ml"}]},{"@type":"WebSite","@id":"https:\/\/drinks365.gr\/en\/#website","url":"https:\/\/drinks365.gr\/en\/","name":"Drinks365","description":"","potentialAction":[{"@type":"SearchAction","target":{"@type":"EntryPoint","urlTemplate":"https:\/\/drinks365.gr\/en\/?s={search_term_string}"},"query-input":{"@type":"PropertyValueSpecification","valueRequired":true,"valueName":"search_term_string"}}],"inLanguage":"en-US"}]}},"_links":{"self":[{"href":"https:\/\/drinks365.gr\/en\/wp-json\/wp\/v2\/product\/19908","targetHints":{"allow":["GET"]}}],"collection":[{"href":"https:\/\/drinks365.gr\/en\/wp-json\/wp\/v2\/product"}],"about":[{"href":"https:\/\/drinks365.gr\/en\/wp-json\/wp\/v2\/types\/product"}],"wp:featuredmedia":[{"embeddable":true,"href":"https:\/\/drinks365.gr\/en\/wp-json\/wp\/v2\/media\/18683"}],"wp:attachment":[{"href":"https:\/\/drinks365.gr\/en\/wp-json\/wp\/v2\/media?parent=19908"}],"wp:term":[{"taxonomy":"product_brand","embeddable":true,"href":"https:\/\/drinks365.gr\/en\/wp-json\/wp\/v2\/product_brand?post=19908"},{"taxonomy":"product_cat","embeddable":true,"href":"https:\/\/drinks365.gr\/en\/wp-json\/wp\/v2\/product_cat?post=19908"},{"taxonomy":"product_tag","embeddable":true,"href":"https:\/\/drinks365.gr\/en\/wp-json\/wp\/v2\/product_tag?post=19908"}],"curies":[{"name":"wp","href":"https:\/\/api.w.org\/{rel}","templated":true}]}}